{"id":41,"date":"2016-12-12T10:39:44","date_gmt":"2016-12-12T10:39:44","guid":{"rendered":"https:\/\/www.clovisgestionprivee.fr\/?page_id=41"},"modified":"2019-01-18T15:20:58","modified_gmt":"2019-01-18T15:20:58","slug":"our-services","status":"publish","type":"page","link":"https:\/\/www.clovisgestionprivee.fr\/index.php\/our-services\/","title":{"rendered":"Our Services"},"content":{"rendered":"<p>[vc_row][vc_column][vc_row_inner][vc_column_inner width=&#8221;5\/12&#8243; css=&#8221;.vc_custom_1484817310897{margin-top: -0.1em !important;}&#8221;]<div id=\"sc_title_1845704352\"\n\t\tclass=\"sc_title sc_title_default\"><h6 class=\"sc_item_subtitle sc_title_subtitle sc_align_default sc_item_title_style_default\">What We Do<\/h6><h3 class=\"sc_item_title sc_title_title sc_align_default sc_item_title_style_default\">We are Leaders on the Market<\/h3><\/div><!-- \/.sc_title -->[vc_empty_space alter_height=&#8221;medium&#8221; hide_on_mobile=&#8221;&#8221; css=&#8221;.vc_custom_1484817189204{margin-top: 0.3em !important;}&#8221;][vc_column_text]We are the industry leader in establishing an innovation-friendly organization, developing new business models and new products.<br \/>\nThe company is on the cutting edge of new technologies and innovative business processes.<\/p>\n<p>The mission of the company is to recognize investment opportunities and transform them into successful long-term projects by utilising our management method, motivated employees and clearly set objectives.[\/vc_column_text][vc_empty_space alter_height=&#8221;medium&#8221; hide_on_mobile=&#8221;&#8221; css=&#8221;.vc_custom_1484817189204{margin-top: 0.3em !important;}&#8221;]<div class=\"sc_item_button sc_button_wrap\"><a href=\"\/about\/\" id=\"sc_button_733275288\" class=\"sc_button sc_button_dark_button sc_button_size_small sc_button_icon_left\"><span class=\"sc_button_text\"><span class=\"sc_button_title\">more info<\/span><\/span><!-- \/.sc_button_text --><\/a><!-- \/.sc_button --><\/div><!-- \/.sc_item_button -->[\/vc_column_inner][vc_column_inner width=&#8221;1\/12&#8243;][\/vc_column_inner][vc_column_inner width=&#8221;1\/2&#8243; css=&#8221;.vc_custom_1484818170855{margin-top: -0.1em !important;}&#8221;]<div class=\"sc_services sc_services_default\" data-slides-min-width=\"200\"\t\t>\n\t\t<h6 class=\"sc_item_subtitle sc_services_subtitle sc_align_left sc_item_title_style_default\">Main Services<\/h6><div class=\"sc_services_content sc_item_content sc_item_columns_1\"><div class=\"sc_services_item with_content with_icon sc_services_item_featured_left\">\n\t<a href=\"https:\/\/www.clovisgestionprivee.fr\/index.php\/services\/consulting\/\"\n\t\t\t id=\"sc_services_680918994_icon-icon1\"\n\t\t\t class=\"sc_services_item_icon icon-icon1\"\n\t\t\t ><\/a>\t\n\t<div class=\"sc_services_item_info\">\n\t\t<div class=\"sc_services_item_header\">\n\t\t\t<h4 class=\"sc_services_item_title\"><a href=\"https:\/\/www.clovisgestionprivee.fr\/index.php\/services\/consulting\/\">Consulting<\/a><\/h4>\n\t\t\t<div class=\"sc_services_item_subtitle\"><a href=\"https:\/\/www.clovisgestionprivee.fr\/index.php\/services_group\/main-services\/\" title=\"View all posts in Main Services\">Main Services<\/a><\/div>\n\t\t<\/div>\n\t\t\t\t\t<div class=\"sc_services_item_content\"><p>Sed ut perspiciatis unde omnis iste<\/p>\n<\/div>\n\t\t\t<div class=\"sc_services_item_button sc_item_button\"><a href=\"https:\/\/www.clovisgestionprivee.fr\/index.php\/services\/consulting\/\" class=\"sc_button \">Plus d&#039;infos<\/a><\/div>\n\t\t\t<\/div>\n<\/div>\n<div class=\"sc_services_item with_content with_icon sc_services_item_featured_left\">\n\t<a href=\"https:\/\/www.clovisgestionprivee.fr\/index.php\/services\/advising\/\"\n\t\t\t id=\"sc_services_680918994_icon-icon3\"\n\t\t\t class=\"sc_services_item_icon icon-icon3\"\n\t\t\t ><\/a>\t\n\t<div class=\"sc_services_item_info\">\n\t\t<div class=\"sc_services_item_header\">\n\t\t\t<h4 class=\"sc_services_item_title\"><a href=\"https:\/\/www.clovisgestionprivee.fr\/index.php\/services\/advising\/\">Advising<\/a><\/h4>\n\t\t\t<div class=\"sc_services_item_subtitle\"><a href=\"https:\/\/www.clovisgestionprivee.fr\/index.php\/services_group\/main-services\/\" title=\"View all posts in Main Services\">Main Services<\/a><\/div>\n\t\t<\/div>\n\t\t\t\t\t<div class=\"sc_services_item_content\"><p>Ut enim ad minima veniam, quis<\/p>\n<\/div>\n\t\t\t<div class=\"sc_services_item_button sc_item_button\"><a href=\"https:\/\/www.clovisgestionprivee.fr\/index.php\/services\/advising\/\" class=\"sc_button \">Plus d&#039;infos<\/a><\/div>\n\t\t\t<\/div>\n<\/div>\n<div class=\"sc_services_item with_content with_icon sc_services_item_featured_left\">\n\t<a href=\"https:\/\/www.clovisgestionprivee.fr\/index.php\/services\/business-planning\/\"\n\t\t\t id=\"sc_services_680918994_icon-icon4\"\n\t\t\t class=\"sc_services_item_icon icon-icon4\"\n\t\t\t ><\/a>\t\n\t<div class=\"sc_services_item_info\">\n\t\t<div class=\"sc_services_item_header\">\n\t\t\t<h4 class=\"sc_services_item_title\"><a href=\"https:\/\/www.clovisgestionprivee.fr\/index.php\/services\/business-planning\/\">Business Planning<\/a><\/h4>\n\t\t\t<div class=\"sc_services_item_subtitle\"><a href=\"https:\/\/www.clovisgestionprivee.fr\/index.php\/services_group\/main-services\/\" title=\"View all posts in Main Services\">Main Services<\/a><\/div>\n\t\t<\/div>\n\t\t\t\t\t<div class=\"sc_services_item_content\"><p>Duis aute irure reprehenderit<\/p>\n<\/div>\n\t\t\t<div class=\"sc_services_item_button sc_item_button\"><a href=\"https:\/\/www.clovisgestionprivee.fr\/index.php\/services\/business-planning\/\" class=\"sc_button \">Plus d&#039;infos<\/a><\/div>\n\t\t\t<\/div>\n<\/div>\n<div class=\"sc_services_item with_content with_icon sc_services_item_featured_left\">\n\t<a href=\"https:\/\/www.clovisgestionprivee.fr\/index.php\/services\/investments\/\"\n\t\t\t id=\"sc_services_680918994_icon-icon2\"\n\t\t\t class=\"sc_services_item_icon icon-icon2\"\n\t\t\t ><\/a>\t\n\t<div class=\"sc_services_item_info\">\n\t\t<div class=\"sc_services_item_header\">\n\t\t\t<h4 class=\"sc_services_item_title\"><a href=\"https:\/\/www.clovisgestionprivee.fr\/index.php\/services\/investments\/\">Investments<\/a><\/h4>\n\t\t\t<div class=\"sc_services_item_subtitle\"><a href=\"https:\/\/www.clovisgestionprivee.fr\/index.php\/services_group\/main-services\/\" title=\"View all posts in Main Services\">Main Services<\/a><\/div>\n\t\t<\/div>\n\t\t\t\t\t<div class=\"sc_services_item_content\"><p> Ut enim ad minim veniam quis <\/p>\n<\/div>\n\t\t\t<div class=\"sc_services_item_button sc_item_button\"><a href=\"https:\/\/www.clovisgestionprivee.fr\/index.php\/services\/investments\/\" class=\"sc_button \">Plus d&#039;infos<\/a><\/div>\n\t\t\t<\/div>\n<\/div>\n<\/div><\/div><!-- \/.sc_services -->[\/vc_column_inner][\/vc_row_inner][vc_empty_space height=&#8221;8.12rem&#8221; alter_height=&#8221;none&#8221; hide_on_mobile=&#8221;&#8221;][\/vc_column][\/vc_row][vc_row full_width=&#8221;stretch_row&#8221; css=&#8221;.vc_custom_1482314149684{background-image: url(https:\/\/www.clovisgestionprivee.fr\/wp-content\/uploads\/2016\/12\/bg-12.jpg?id=417) !important;background-position: center !important;background-repeat: no-repeat !important;background-size: cover !important;}&#8221;][vc_column scheme=&#8221;dark&#8221;][\/vc_column][\/vc_row][vc_row full_width=&#8221;stretch_row&#8221; css=&#8221;.vc_custom_1482314149684{background-image: url(https:\/\/www.clovisgestionprivee.fr\/wp-content\/uploads\/2016\/12\/bg-12.jpg?id=417) !important;background-position: center !important;background-repeat: no-repeat !important;background-size: cover !important;}&#8221;][vc_column scheme=&#8221;dark&#8221;]<div class=\"sc_testimonials sc_testimonials_simple swiper-slider-container slider_swiper slider_noresize slider_nocontrols slider_nopagination\" data-slides-min-width=\"150\"\t\t>\n\t\t<h6 class=\"sc_item_subtitle sc_testimonials_subtitle sc_align_default sc_item_title_style_default\">Testimonials<\/h6><h3 class=\"sc_item_title sc_testimonials_title sc_align_default sc_item_title_style_default\">Clients About Us<\/h3><div class=\"sc_testimonials_slider sc_item_slider slides swiper-wrapper\"><div class=\"swiper-slide\"><div class=\"sc_testimonials_item\">\n\t<div class=\"sc_testimonials_item_content\"><p>Excellent accompagnement de Fabrice qui prend le temps d&#8217;\u00e9couter, de renseigner et assure un vrai suivi en toute transparence du d\u00e9but \u00e0 la fin! Un grand merci \u00e0 lui et \u00e0 son \u00e9quipe.<\/p>\n<\/div>\n\t<div class=\"sc_testimonials_item_author\">\n\t\t<div class=\"sc_testimonials_item_author_data\">\n\t\t\t<h4 class=\"sc_testimonials_item_author_title\">Patrick Martin<\/h4>\n\t\t\t<div class=\"sc_testimonials_item_author_subtitle\">Nice.France<\/div>\n\t\t<\/div>\n\t<\/div>\n<\/div>\n<\/div><div class=\"swiper-slide\"><div class=\"sc_testimonials_item\">\n\t<div class=\"sc_testimonials_item_content\"><p>Fabrice m&#8217;a tr\u00e8s bien conseill\u00e9 et accompagn\u00e9 dans mes d\u00e9clarations et dans la r\u00e9organisation de mon patrimoine en tenant compte des particularit\u00e9s de ma situation.<\/p>\n<\/div>\n\t<div class=\"sc_testimonials_item_author\">\n\t\t<div class=\"sc_testimonials_item_author_data\">\n\t\t\t<h4 class=\"sc_testimonials_item_author_title\">Daria Gofman<\/h4>\n\t\t\t<div class=\"sc_testimonials_item_author_subtitle\">Saint Laurent du Var.France<\/div>\n\t\t<\/div>\n\t<\/div>\n<\/div>\n<\/div><div class=\"swiper-slide\"><div class=\"sc_testimonials_item\">\n\t<div class=\"sc_testimonials_item_content\"><p>Nous avons trouv\u00e9 chez Clovis Gestion Priv\u00e9e, des conseils professionnels et pertinents. Fabrice est disponible et \u00e0 l&#8217;\u00e9coute. Du sur mesure c&#8217;est ce que nous recherchions.<\/p>\n<\/div>\n\t<div class=\"sc_testimonials_item_author\">\n\t\t<div class=\"sc_testimonials_item_author_data\">\n\t\t\t<h4 class=\"sc_testimonials_item_author_title\">Stephano Willkaz<\/h4>\n\t\t\t<div class=\"sc_testimonials_item_author_subtitle\">Monaco.France<\/div>\n\t\t<\/div>\n\t<\/div>\n<\/div>\n<\/div><\/div><div class=\"sc_item_button sc_item_button_default sc_testimonials_button sc_align_default sc_button_wrap\"><a href=\"\/blog\/\" id=\"sc_button_1329529995\" class=\"sc_button sc_button_default sc_button_size_normal sc_button_icon_left\"><span class=\"sc_button_text\"><span class=\"sc_button_title\">Read More Reviews<\/span><\/span><!-- \/.sc_button_text --><\/a><!-- \/.sc_button --><\/div><!-- \/.sc_item_button sc_item_button_default sc_testimonials_button sc_align_default --><\/div><!-- \/.sc_testimonials -->[\/vc_column][\/vc_row][vc_row][vc_column][vc_empty_space alter_height=&#8221;huge&#8221; hide_on_mobile=&#8221;&#8221; css=&#8221;.vc_custom_1484899791346{margin-top: 1rem !important;}&#8221;]<div id=\"sc_title_117770704\"\n\t\tclass=\"sc_title sc_title_default\"><h6 class=\"sc_item_subtitle sc_title_subtitle sc_align_center sc_item_title_style_default\">our prices<\/h6><h3 class=\"sc_item_title sc_title_title sc_align_center sc_item_title_style_default\">Service Packages<\/h3><\/div><!-- \/.sc_title -->[vc_empty_space height=&#8221;6.3rem&#8221; alter_height=&#8221;none&#8221; hide_on_mobile=&#8221;&#8221;][\/vc_column][\/vc_row][vc_row][vc_column width=&#8221;1\/3&#8243; css=&#8221;.vc_custom_1482847175411{background-color: #f2f0e8 !important;}&#8221;]<div  id=\"sc_price_1930849099\" \n\tclass=\"sc_price sc_price_default  vc_custom_1547824836268\"><a href=\"\/contacts\/\" class=\"sc_price_image\"><img src=\"\" alt=\"\"><\/a><div class=\"sc_price_info\"><div class=\"sc_price_title\"><a href=\"\/contacts\/\">Basic Plan<\/a><\/div><div class=\"sc_price_description\"><span class=\"sc_price_value\">$500<\/span><\/div><div class=\"sc_price_price\">per month<\/div><div class=\"sc_price_details\"><\/p>\n<ul>\n<li>Consulting<\/li>\n<li>Advising<\/li>\n<li>\u2013<\/li>\n<li>\u2013<\/li>\n<\/ul>\n<p><\/div><a href=\"\/contacts\/\" class=\"sc_price_link\">more info<\/a><\/div>\n<\/div>[\/vc_column][vc_column width=&#8221;1\/3&#8243; css=&#8221;.vc_custom_1482847189790{background-color: #faf9f5 !important;}&#8221;]<div  id=\"sc_price_1098144669\" \n\tclass=\"sc_price sc_price_default  vc_custom_1547824845524\"><a href=\"\/contacts\/\" class=\"sc_price_image\"><img src=\"\" alt=\"\"><\/a><div class=\"sc_price_info\"><div class=\"sc_price_title\"><a href=\"\/contacts\/\">Advanced Plan<\/a><\/div><div class=\"sc_price_description\"><span class=\"sc_price_value\">$700<\/span><\/div><div class=\"sc_price_price\">per month<\/div><div class=\"sc_price_details\"><\/p>\n<ul>\n<li>Consulting<\/li>\n<li>Advising<\/li>\n<li>Business Planning<\/li>\n<li>\u2013<\/li>\n<\/ul>\n<p><\/div><a href=\"\/contacts\/\" class=\"sc_price_link\">more info<\/a><\/div>\n<\/div>[\/vc_column][vc_column width=&#8221;1\/3&#8243; css=&#8221;.vc_custom_1482847202195{background-color: #f2f0e8 !important;}&#8221;]<div  id=\"sc_price_294692053\" \n\tclass=\"sc_price sc_price_default  vc_custom_1547824856180\"><a href=\"\/contacts\/\" class=\"sc_price_image\"><img src=\"\" alt=\"\"><\/a><div class=\"sc_price_info\"><div class=\"sc_price_title\"><a href=\"\/contacts\/\">Premium Plan<\/a><\/div><div class=\"sc_price_description\"><span class=\"sc_price_value\">$900<\/span><\/div><div class=\"sc_price_price\">per month<\/div><div class=\"sc_price_details\"><\/p>\n<ul>\n<li>Consulting<\/li>\n<li>Advising<\/li>\n<li>Business Planning<\/li>\n<li>Investments<\/li>\n<\/ul>\n<p><\/div><a href=\"\/contacts\/\" class=\"sc_price_link\">more info<\/a><\/div>\n<\/div>[\/vc_column][\/vc_row][vc_row][vc_column][vc_empty_space height=&#8221;&#8221; hide_on_mobile=&#8221;&#8221; css=&#8221;.vc_custom_1484900069096{margin-bottom: 0.5rem !important;}&#8221;][\/vc_column][\/vc_row]<\/p>\n","protected":false},"excerpt":{"rendered":"<p>[vc_row][vc_column][vc_row_inner][vc_column_inner width=&#8221;5\/12&#8243; css=&#8221;.vc_custom_1484817310897{margin-top: -0.1em !important;}&#8221;][vc_empty_space alter_height=&#8221;medium&#8221; hide_on_mobile=&#8221;&#8221; css=&#8221;.vc_custom_1484817189204{margin-top: 0.3em !important;}&#8221;][vc_column_text]We are the industry leader in establishing an innovation-friendly organization, developing new business models and new products. The company is on the cutting edge of new technologies and innovative business processes. The mission of the company is to recognize investment opportunities and transform them into successful long-term projects by utilising our&hellip;<\/p>\n","protected":false},"author":1,"featured_media":0,"parent":0,"menu_order":0,"comment_status":"closed","ping_status":"closed","template":"","meta":[],"_links":{"self":[{"href":"https:\/\/www.clovisgestionprivee.fr\/index.php\/wp-json\/wp\/v2\/pages\/41"}],"collection":[{"href":"https:\/\/www.clovisgestionprivee.fr\/index.php\/wp-json\/wp\/v2\/pages"}],"about":[{"href":"https:\/\/www.clovisgestionprivee.fr\/index.php\/wp-json\/wp\/v2\/types\/page"}],"author":[{"embeddable":true,"href":"https:\/\/www.clovisgestionprivee.fr\/index.php\/wp-json\/wp\/v2\/users\/1"}],"replies":[{"embeddable":true,"href":"https:\/\/www.clovisgestionprivee.fr\/index.php\/wp-json\/wp\/v2\/comments?post=41"}],"version-history":[{"count":0,"href":"https:\/\/www.clovisgestionprivee.fr\/index.php\/wp-json\/wp\/v2\/pages\/41\/revisions"}],"wp:attachment":[{"href":"https:\/\/www.clovisgestionprivee.fr\/index.php\/wp-json\/wp\/v2\/media?parent=41"}],"curies":[{"name":"wp","href":"https:\/\/api.w.org\/{rel}","templated":true}]}}