{"id":1535,"date":"2025-11-15T18:49:26","date_gmt":"2025-11-15T17:49:26","guid":{"rendered":"https:\/\/www.clovisgestionprivee.fr\/?page_id=1535"},"modified":"2025-11-15T19:57:09","modified_gmt":"2025-11-15T18:57:09","slug":"securite","status":"publish","type":"page","link":"https:\/\/www.clovisgestionprivee.fr\/index.php\/securite\/","title":{"rendered":"Securite"},"content":{"rendered":"<p>[vc_row hide_bg_image_on_tablet=&#8221;&#8221; hide_bg_image_on_mobile=&#8221;&#8221; css=&#8221;.vc_custom_1527690588959{background-color: #f7f8f9 !important;}&#8221;][vc_column icons_position=&#8221;left&#8221;][vc_empty_space height=&#8221;1em&#8221; alter_height=&#8221;none&#8221; hide_on_mobile=&#8221;&#8221; hide_on_desktop=&#8221;&#8221; hide_on_notebook=&#8221;&#8221; hide_on_tablet=&#8221;&#8221;]<div id=\"sc_content_1448145956\"\n\t\tclass=\"sc_content sc_content_default sc_float_center p70\"><div class=\"sc_content_container\">[vc_column_text]Dans un <strong>souci<\/strong> permanent <strong>de s\u00e9curit\u00e9<\/strong>, nous tenons \u00e0 partager avec vous les <strong>bonnes pratiques<\/strong> concernant les risques d\u2019arnaques et escroqueries :<\/p>\n<p>Pour aider \u00e0<strong> identifier les escroqueries financi\u00e8res<\/strong>, l\u2019AMF a d\u00e9velopp\u00e9 l\u2019application mobile gratuite <strong>AMF Protect Epargne<\/strong>, aussi accessible sur internet :<br \/>\nhttps:\/\/protectepargne.amf-france.org<br \/>\nElle permet non seulement d\u2019acc\u00e9der \u00e0 nos alertes et listes noires, mais \u00e9galement d\u2019obtenir un <strong>diagnostic rapide<\/strong> du niveau de risque d\u2019arnaque que pr\u00e9sente une proposition d\u2019investissement.<br \/>\n\u2013 \u2013 \u2013<br \/>\nVoici les <strong>listes blanches pour les offres IBD<\/strong> (interm\u00e9diation en biens divers) et ICO\/PSAN :<br \/>\nhttps:\/\/www.amf-france.org\/fr\/espace-epargnants\/proteger-son-epargne\/listes-blanches<br \/>\n\u2013 \u2013 \u2013<br \/>\nVoici les <strong>contenus p\u00e9dagogiques<\/strong> de l\u2019AMF qui sont \u00e0 votre disposition pour<br \/>\nlutter contre les arnaques : articles, newsletter, guides p\u00e9dagogiques,&#8230; du site internet de l\u2019AMF :<br \/>\nhttps:\/\/www.amf-france.org\/fr\/espace-epargnants\/proteger-son-epargne\/eviter-les-arnaques<br \/>\n\u2013 \u2013 \u2013<br \/>\nVoici quelques vid\u00e9os , <strong>t\u00e9moignages de victimes<\/strong> sur la cha\u00eene Youtube de l\u2019AMF :<br \/>\nhttps:\/\/www.youtube.com\/channel\/UCDa4J-pPEeD5oYemPGJiPRw[\/vc_column_text]<\/div><\/div><!-- \/.sc_content -->[vc_empty_space height=&#8221;1em&#8221; alter_height=&#8221;none&#8221; hide_on_mobile=&#8221;&#8221; hide_on_desktop=&#8221;&#8221; hide_on_notebook=&#8221;&#8221; hide_on_tablet=&#8221;&#8221;][\/vc_column][\/vc_row]<\/p>\n","protected":false},"excerpt":{"rendered":"<p>[vc_row hide_bg_image_on_tablet=&#8221;&#8221; hide_bg_image_on_mobile=&#8221;&#8221; css=&#8221;.vc_custom_1527690588959{background-color: #f7f8f9 !important;}&#8221;][vc_column icons_position=&#8221;left&#8221;][vc_empty_space height=&#8221;1em&#8221; alter_height=&#8221;none&#8221; hide_on_mobile=&#8221;&#8221; hide_on_desktop=&#8221;&#8221; hide_on_notebook=&#8221;&#8221; hide_on_tablet=&#8221;&#8221;][vc_empty_space height=&#8221;1em&#8221; alter_height=&#8221;none&#8221; hide_on_mobile=&#8221;&#8221; hide_on_desktop=&#8221;&#8221; hide_on_notebook=&#8221;&#8221; hide_on_tablet=&#8221;&#8221;][\/vc_column][\/vc_row]<\/p>\n","protected":false},"author":1,"featured_media":0,"parent":0,"menu_order":0,"comment_status":"closed","ping_status":"closed","template":"","meta":[],"_links":{"self":[{"href":"https:\/\/www.clovisgestionprivee.fr\/index.php\/wp-json\/wp\/v2\/pages\/1535"}],"collection":[{"href":"https:\/\/www.clovisgestionprivee.fr\/index.php\/wp-json\/wp\/v2\/pages"}],"about":[{"href":"https:\/\/www.clovisgestionprivee.fr\/index.php\/wp-json\/wp\/v2\/types\/page"}],"author":[{"embeddable":true,"href":"https:\/\/www.clovisgestionprivee.fr\/index.php\/wp-json\/wp\/v2\/users\/1"}],"replies":[{"embeddable":true,"href":"https:\/\/www.clovisgestionprivee.fr\/index.php\/wp-json\/wp\/v2\/comments?post=1535"}],"version-history":[{"count":3,"href":"https:\/\/www.clovisgestionprivee.fr\/index.php\/wp-json\/wp\/v2\/pages\/1535\/revisions"}],"predecessor-version":[{"id":1544,"href":"https:\/\/www.clovisgestionprivee.fr\/index.php\/wp-json\/wp\/v2\/pages\/1535\/revisions\/1544"}],"wp:attachment":[{"href":"https:\/\/www.clovisgestionprivee.fr\/index.php\/wp-json\/wp\/v2\/media?parent=1535"}],"curies":[{"name":"wp","href":"https:\/\/api.w.org\/{rel}","templated":true}]}}